{"id":106,"date":"2025-08-06T18:13:57","date_gmt":"2025-08-06T16:13:57","guid":{"rendered":"https:\/\/frilesalebrok.com\/?page_id=106"},"modified":"2025-08-13T19:50:12","modified_gmt":"2025-08-13T17:50:12","slug":"servicios","status":"publish","type":"page","link":"https:\/\/frilesalebrok.com\/?page_id=106","title":{"rendered":"Servicios"},"content":{"rendered":"\n<figure class=\"wp-block-image alignwide wp-duotone-unset-1\"><img loading=\"lazy\" decoding=\"async\" width=\"1024\" height=\"683\" src=\"https:\/\/frilesalebrok.com\/wp-content\/uploads\/2025\/08\/SERVICIOS-1.jpg\" alt=\"\" class=\"wp-image-203\" srcset=\"https:\/\/frilesalebrok.com\/wp-content\/uploads\/2025\/08\/SERVICIOS-1.jpg 1024w, https:\/\/frilesalebrok.com\/wp-content\/uploads\/2025\/08\/SERVICIOS-1-300x200.jpg 300w, https:\/\/frilesalebrok.com\/wp-content\/uploads\/2025\/08\/SERVICIOS-1-768x512.jpg 768w\" sizes=\"auto, (max-width: 1024px) 100vw, 1024px\" \/><\/figure>\n\n\n\n<p>En <strong>Frilesa &amp; Lebrok<\/strong> ofrecemos un servicio especializado de almacenaje frigor\u00edfico dise\u00f1ado para dar respuesta a las necesidades log\u00edsticas de operadores, distribuidores y empresas del sector alimentario.<\/p>\n\n\n\n<p style=\"margin-top:var(--wp--preset--spacing--60)\"><strong>Servicio de almacenaje de fr\u00edo<\/strong><\/p>\n\n\n\n<p>Nuestra planta cuenta con una capacidad superior a 700 palets, repartidos entre \u00e1reas<br>de refrigeraci\u00f3n y congelaci\u00f3n, garantizando as\u00ed la conservaci\u00f3n \u00f3ptima de cualquier tipo de producto c\u00e1rnico en todas sus fases.<\/p>\n\n\n\n<p>El servicio de almacenaje est\u00e1 pensado para proporcionar soluciones log\u00edsticas seguras, flexibles y eficientes. Disponemos de:<\/p>\n\n\n\n<ul class=\"wp-block-list\">\n<li>C\u00e1maras frigor\u00edficas con temperatura controlada para producto fresco.<\/li>\n\n\n\n<li>C\u00e1maras de congelado con monitorizaci\u00f3n continua.<\/li>\n\n\n\n<li>Control de trazabilidad e inventario en tiempo real.<\/li>\n\n\n\n<li>Accesos regulados, vigilancia y cumplimiento de normativas sanitarias.<\/li>\n<\/ul>\n\n\n\n<p>Este servicio es ideal tanto para empresas que necesitan externalizar parte de su log\u00edstica como para aquellas que operan con picos de demanda y requieren capacidad adicional.<\/p>\n\n\n\n<hr class=\"wp-block-separator has-alpha-channel-opacity is-style-default\" style=\"margin-top:var(--wp--preset--spacing--70)\"\/>\n\n\n\n<p class=\"has-text-align-center\">Nuestro equipo de profesionales se encarga de gestionar las entradas, salidas y manipulaciones necesarias con total rigor y eficiencia.<\/p>\n\n\n\n<div class=\"wp-block-buttons is-content-justification-center is-layout-flex wp-container-core-buttons-is-layout-a89b3969 wp-block-buttons-is-layout-flex\">\n<div class=\"wp-block-button\"><a class=\"wp-block-button__link wp-element-button\" href=\"https:\/\/frilesalebrok.com\/?page_id=108\">Cont\u00e1ctanos<\/a><\/div>\n<\/div>\n\n\n\n<p><\/p>\n","protected":false},"excerpt":{"rendered":"<p>En Frilesa &amp; Lebrok ofrecemos un servicio especializado de almacenaje frigor\u00edfico dise\u00f1ado para dar respuesta a las necesidades log\u00edsticas de operadores, distribuidores y empresas del sector alimentario. Servicio de almacenaje de fr\u00edo Nuestra planta cuenta con una capacidad superior a 700 palets, repartidos entre \u00e1reasde refrigeraci\u00f3n y congelaci\u00f3n, garantizando as\u00ed la conservaci\u00f3n \u00f3ptima de cualquier<a class=\"more-link\" href=\"https:\/\/frilesalebrok.com\/?page_id=106\">Sigue leyendo <span class=\"screen-reader-text\">\u00abServicios\u00bb<\/span><\/a><\/p>\n","protected":false},"author":1,"featured_media":0,"parent":0,"menu_order":0,"comment_status":"closed","ping_status":"closed","template":"","meta":{"footnotes":""},"class_list":["post-106","page","type-page","status-publish","hentry","entry"],"_links":{"self":[{"href":"https:\/\/frilesalebrok.com\/index.php?rest_route=\/wp\/v2\/pages\/106","targetHints":{"allow":["GET"]}}],"collection":[{"href":"https:\/\/frilesalebrok.com\/index.php?rest_route=\/wp\/v2\/pages"}],"about":[{"href":"https:\/\/frilesalebrok.com\/index.php?rest_route=\/wp\/v2\/types\/page"}],"author":[{"embeddable":true,"href":"https:\/\/frilesalebrok.com\/index.php?rest_route=\/wp\/v2\/users\/1"}],"replies":[{"embeddable":true,"href":"https:\/\/frilesalebrok.com\/index.php?rest_route=%2Fwp%2Fv2%2Fcomments&post=106"}],"version-history":[{"count":25,"href":"https:\/\/frilesalebrok.com\/index.php?rest_route=\/wp\/v2\/pages\/106\/revisions"}],"predecessor-version":[{"id":428,"href":"https:\/\/frilesalebrok.com\/index.php?rest_route=\/wp\/v2\/pages\/106\/revisions\/428"}],"wp:attachment":[{"href":"https:\/\/frilesalebrok.com\/index.php?rest_route=%2Fwp%2Fv2%2Fmedia&parent=106"}],"curies":[{"name":"wp","href":"https:\/\/api.w.org\/{rel}","templated":true}]}}